{"id":359,"date":"2020-04-09T08:51:29","date_gmt":"2020-04-09T06:51:29","guid":{"rendered":"https:\/\/www.drkleinehr.de\/?page_id=359"},"modified":"2024-10-02T11:11:34","modified_gmt":"2024-10-02T09:11:34","slug":"rechtsanwalt-mannheim","status":"publish","type":"page","link":"https:\/\/www.drkleinehr.de\/rechtsanwalt-mannheim\/","title":{"rendered":"Anwalt in Mannheim"},"content":{"rendered":"<p>[et_pb_section fb_built=&#8220;1&#8243; fullwidth=&#8220;on&#8220; module_id=&#8220;home&#8220; module_class=&#8220;home&#8220; _builder_version=&#8220;4.4.2&#8243; custom_margin_tablet=&#8220;&#8220; custom_margin_phone=&#8220;&#8220; custom_margin_last_edited=&#8220;on|phone&#8220; custom_padding=&#8220;||||false|false&#8220;][et_pb_fullwidth_header text_orientation=&#8220;center&#8220; disabled_on=&#8220;off|on|on&#8220; _builder_version=&#8220;4.4.2&#8243; background_color=&#8220;#ffffff&#8220; custom_margin=&#8220;||||false|false&#8220; custom_padding=&#8220;0px||0px||false|false&#8220;][\/et_pb_fullwidth_header][et_pb_fullwidth_image src=&#8220;https:\/\/www.drkleinehr.de\/wp-content\/uploads\/2024\/01\/1D5_1936-2400-3.jpg&#8220; title_text=&#8220;1D5_1936-2400-3&#8243; _builder_version=&#8220;4.9.4&#8243; custom_margin_tablet=&#8220;&#8220; custom_margin_phone=&#8220;&#8220; custom_margin_last_edited=&#8220;on|desktop&#8220; custom_padding=&#8220;||||false|false&#8220;][\/et_pb_fullwidth_image][\/et_pb_section][et_pb_section fb_built=&#8220;1&#8243; module_id=&#8220;kanzlei&#8220; module_class=&#8220;kanzlei&#8220; _builder_version=&#8220;4.4.2&#8243; custom_padding=&#8220;||||false|false&#8220;][et_pb_row column_structure=&#8220;1_2,1_2&#8243; use_custom_gutter=&#8220;on&#8220; make_equal=&#8220;on&#8220; padding_left_right_link_1=&#8220;false&#8220; _builder_version=&#8220;4.4.2&#8243;][et_pb_column type=&#8220;1_2&#8243; _builder_version=&#8220;4.4.2&#8243; custom_padding=&#8220;|||&#8220; custom_padding__hover=&#8220;|||&#8220;][et_pb_text _builder_version=&#8220;4.4.2&#8243; text_font=&#8220;||||||||&#8220; text_font_size=&#8220;14px&#8220; header_2_font=&#8220;||||||||&#8220; width=&#8220;100%&#8220; custom_margin=&#8220;|-235px||&#8220; custom_padding=&#8220;|0px||&#8220; text_orientation_tablet=&#8220;&#8220; text_orientation_phone=&#8220;left&#8220; text_orientation_last_edited=&#8220;on|phone&#8220;]<\/p>\n<h2>DIE KANZLEI<\/h2>\n<p>Die T\u00e4tigkeitsschwerpunkte unserer Kanzlei sind alle Gebiete des Wirtschafts- und Unternehmensrecht. Wir beraten \u00fcberregional kleine und mittelst\u00e4ndische Unternehmen, Familiengesellschaften sowie Einzelpersonen umfassend, vorausschauend, umsichtig und zielorientiert.<\/p>\n<p>Unsere Kanzlei ist aus einer B\u00fcrogemeinschaft mit Herrn Rechtsanwalt Dr. Carl E. Bloem, der seit 1949 in Mannheim als Rechtsanwalt praktizierte, im Jahre 1983 hervorgegangen und hat sich st\u00e4ndig weiter entwickelt.<\/p>\n<p>[\/et_pb_text][\/et_pb_column][et_pb_column type=&#8220;1_2&#8243; _builder_version=&#8220;4.4.2&#8243; custom_padding=&#8220;|||221px&#8220; custom_padding_tablet=&#8220;15px|||0px|false|false&#8220; custom_padding_phone=&#8220;|||0px|false|false&#8220; custom_padding_last_edited=&#8220;on|tablet&#8220; custom_padding__hover=&#8220;|||&#8220;][et_pb_text _builder_version=&#8220;4.4.2&#8243; text_font=&#8220;||||||||&#8220; header_2_font=&#8220;||||||||&#8220; custom_margin=&#8220;||||false|false&#8220; custom_margin_tablet=&#8220;&#8220; custom_margin_phone=&#8220;25px||||false|false&#8220; custom_margin_last_edited=&#8220;on|phone&#8220;]<\/p>\n<h2>KONTAKTDATEN<\/h2>\n<p>[\/et_pb_text][et_pb_blurb use_icon=&#8220;on&#8220; font_icon=&#8220;%%264%%&#8220; icon_color=&#8220;#555555&#8243; icon_placement=&#8220;left&#8220; use_icon_font_size=&#8220;on&#8220; icon_font_size=&#8220;17px&#8220; _builder_version=&#8220;4.4.2&#8243; body_font=&#8220;||||||||&#8220; body_text_align=&#8220;left&#8220; body_line_height=&#8220;1.3em&#8220; custom_margin=&#8220;-12px||15px||false|false&#8220; animation=&#8220;off&#8220;]<\/p>\n<p>+49 (0) 621 \/ 1 29 39 &#8211; 0<\/p>\n<p>[\/et_pb_blurb][et_pb_blurb use_icon=&#8220;on&#8220; font_icon=&#8220;%%268%%&#8220; icon_color=&#8220;#555555&#8243; icon_placement=&#8220;left&#8220; use_icon_font_size=&#8220;on&#8220; icon_font_size=&#8220;17px&#8220; _builder_version=&#8220;4.4.2&#8243; body_font=&#8220;||||||||&#8220; body_text_align=&#8220;left&#8220; body_line_height=&#8220;1.3em&#8220; custom_margin=&#8220;||15px||false|false&#8220; animation=&#8220;off&#8220;]<\/p>\n<p>+49 (0) 621 \/ 1 29 39 &#8211; 29<\/p>\n<p>[\/et_pb_blurb][et_pb_blurb use_icon=&#8220;on&#8220; font_icon=&#8220;%%249%%&#8220; icon_color=&#8220;#555555&#8243; icon_placement=&#8220;left&#8220; use_icon_font_size=&#8220;on&#8220; icon_font_size=&#8220;17px&#8220; _builder_version=&#8220;4.4.2&#8243; body_font=&#8220;||||||||&#8220; body_text_align=&#8220;left&#8220; body_line_height=&#8220;1.3em&#8220; custom_margin=&#8220;||15px||false|false&#8220; animation=&#8220;off&#8220;]<\/p>\n<p>Hebelstrasse 13, 68161 Mannheim<\/p>\n<p>[\/et_pb_blurb][et_pb_blurb use_icon=&#8220;on&#8220; font_icon=&#8220;%%238%%&#8220; icon_color=&#8220;#555555&#8243; icon_placement=&#8220;left&#8220; use_icon_font_size=&#8220;on&#8220; icon_font_size=&#8220;17px&#8220; _builder_version=&#8220;4.4.2&#8243; header_font=&#8220;||||||||&#8220; body_font=&#8220;||||||||&#8220; body_text_align=&#8220;left&#8220; body_text_color=&#8220;#555555&#8243; body_line_height=&#8220;1.3em&#8220; custom_margin=&#8220;||15px||false|false&#8220; animation=&#8220;off&#8220;]<\/p>\n<p><a href=\"mailto:info@drkleinehr.de\">info@drkleinehr.de<\/a><\/p>\n<p>[\/et_pb_blurb][et_pb_blurb use_icon=&#8220;on&#8220; font_icon=&#8220;%%345%%&#8220; icon_color=&#8220;#555555&#8243; icon_placement=&#8220;left&#8220; use_icon_font_size=&#8220;on&#8220; icon_font_size=&#8220;17px&#8220; _builder_version=&#8220;3.19.18&#8243; header_font=&#8220;||||||||&#8220; body_font=&#8220;||||||||&#8220; body_text_align=&#8220;left&#8220; body_text_color=&#8220;#555555&#8243; body_line_height=&#8220;1.4em&#8220; animation=&#8220;off&#8220;]<\/p>\n<p><a href=\"http:\/\/drkleinehr.de\/\">drkleinehr.de<\/a><\/p>\n<p>[\/et_pb_blurb][\/et_pb_column][\/et_pb_row][\/et_pb_section][et_pb_section fb_built=&#8220;1&#8243; module_id=&#8220;taetigkeit&#8220; module_class=&#8220;taetigkeit&#8220; _builder_version=&#8220;3.22&#8243; background_color=&#8220;#c7cdd8&#8243;][et_pb_row _builder_version=&#8220;3.25&#8243;][et_pb_column type=&#8220;4_4&#8243; _builder_version=&#8220;3.25&#8243; custom_padding=&#8220;|||&#8220; custom_padding__hover=&#8220;|||&#8220;][et_pb_text _builder_version=&#8220;4.4.2&#8243;]<\/p>\n<h2>T\u00c4TIGKEITSFELDER<\/h2>\n<p>Zum T\u00e4tigkeitsgebiet unserer Kanzlei geh\u00f6ren insbesondere das Gesellschafts- und Unternehmensrecht, Steuerrecht, die Erstellung von Jahresabschl\u00fcssen und Steuererkl\u00e4rungen, sowie die Begleitung bei steuerrechtlichen Selbstanzeigen, das individuelle und kollektive Arbeitsrecht, Kauf und Verkauf von Unternehmen sowie von Beteiligungen an Unternehmen, Unternehmensnachfolgeplanung, Erbrecht, Erbschaftssteuer- und Schenkungssteuerrecht, Verm\u00f6gensauseinandersetzung sowie Handels-, Werkvertrags- und Kaufrecht.<\/p>\n<p>Ferner sind wir t\u00e4tig im Familienrecht, privaten Baurecht und Berufshaftpflichtrecht der Wirtschaftspr\u00fcfer, Steuerberater und Rechtsanw\u00e4lte.<\/p>\n<p>In allen vorgenannten Bereichen sind wir auch forensisch t\u00e4tig.<\/p>\n<p>[\/et_pb_text][\/et_pb_column][\/et_pb_row][\/et_pb_section][et_pb_section fb_built=&#8220;1&#8243; module_id=&#8220;anwaelte&#8220; module_class=&#8220;anwaelte&#8220; _builder_version=&#8220;4.4.2&#8243; custom_padding=&#8220;||||false|false&#8220;][et_pb_row _builder_version=&#8220;3.25&#8243; custom_padding=&#8220;0|0px|0|0px|false|false&#8220;][et_pb_column type=&#8220;4_4&#8243; _builder_version=&#8220;3.25&#8243; custom_padding=&#8220;|||&#8220; custom_padding__hover=&#8220;|||&#8220;][et_pb_text _builder_version=&#8220;4.4.2&#8243; text_font=&#8220;||||||||&#8220; text_font_size=&#8220;26px&#8220; text_orientation_tablet=&#8220;&#8220; text_orientation_phone=&#8220;center&#8220; text_orientation_last_edited=&#8220;on|phone&#8220;]<\/p>\n<p>RECHTSANW\u00c4LTE<\/p>\n<p>[\/et_pb_text][\/et_pb_column][\/et_pb_row][et_pb_row column_structure=&#8220;1_4,1_4,1_4,1_4&#8243; _builder_version=&#8220;3.25&#8243;][et_pb_column type=&#8220;1_4&#8243; _builder_version=&#8220;3.25&#8243; custom_padding=&#8220;|||&#8220; custom_padding__hover=&#8220;|||&#8220;][et_pb_text _builder_version=&#8220;4.9.4&#8243; background_color=&#8220;rgba(6,89,186,0)&#8220; background_image=&#8220;https:\/\/www.drkleinehr.de\/wp-content\/uploads\/2024\/01\/2017-12-11_11-17-08-V2-e1516270261998.jpg&#8220; background_blend=&#8220;multiply&#8220; custom_padding=&#8220;160px||160px||true&#8220; link_option_url=&#8220;\/dr-dirk-e-kleinehr&#8220; background__hover_enabled=&#8220;on&#8220; background_color__hover=&#8220;rgba(6,89,186,0.56)&#8220;][\/et_pb_text][et_pb_text _builder_version=&#8220;3.27.4&#8243; text_font=&#8220;|600|||||||&#8220; text_font_size=&#8220;21px&#8220; header_font=&#8220;||||||||&#8220; text_orientation=&#8220;center&#8220; custom_margin=&#8220;12px||&#8220;]<\/p>\n<p>DIRK E. KLEINEHR<\/p>\n<p>[\/et_pb_text][et_pb_text _builder_version=&#8220;3.27.4&#8243; text_font=&#8220;||||||||&#8220; header_4_font=&#8220;||||||||&#8220; text_orientation=&#8220;center&#8220; custom_margin=&#8220;-28px||&#8220;]<\/p>\n<p class=\"person-title\">DIPL. &#8211; BETRIEBSWIRT (FH)<\/p>\n<p>[\/et_pb_text][et_pb_divider divider_weight=&#8220;1px&#8220; _builder_version=&#8220;3.19.18&#8243; max_width=&#8220;38%&#8220; module_alignment=&#8220;center&#8220; height=&#8220;0px&#8220; custom_margin=&#8220;-24px||11px&#8220;][\/et_pb_divider][et_pb_text _builder_version=&#8220;3.27.4&#8243; text_font=&#8220;||||||||&#8220; text_orientation=&#8220;center&#8220;]<\/p>\n<p>Rechtsanwalt<br \/>\nFachanwalt f\u00fcr Steuerrecht<\/p>\n<p>[\/et_pb_text][\/et_pb_column][et_pb_column type=&#8220;1_4&#8243; _builder_version=&#8220;3.25&#8243; custom_padding=&#8220;|||&#8220; custom_padding__hover=&#8220;|||&#8220;][et_pb_text _builder_version=&#8220;4.9.4&#8243; background_color=&#8220;rgba(6,89,186,0)&#8220; background_image=&#8220;https:\/\/www.drkleinehr.de\/wp-content\/uploads\/2024\/01\/2017-12-11_11-28-20-e1516270236479.jpg&#8220; background_blend=&#8220;multiply&#8220; custom_padding=&#8220;160px||160px||true&#8220; link_option_url=&#8220;\/bernd-thiele&#8220; background__hover_enabled=&#8220;on|desktop&#8220; background_color__hover=&#8220;rgba(6,89,186,0.56)&#8220;][\/et_pb_text][et_pb_text _builder_version=&#8220;3.27.4&#8243; text_font=&#8220;|600|||||||&#8220; text_font_size=&#8220;21px&#8220; header_font=&#8220;||||||||&#8220; text_orientation=&#8220;center&#8220; custom_margin=&#8220;12px||&#8220;]<\/p>\n<p>BERND THIELE<\/p>\n<p>[\/et_pb_text][et_pb_text _builder_version=&#8220;3.27.4&#8243; text_font=&#8220;||||||||&#8220; header_4_font=&#8220;||||||||&#8220; text_orientation=&#8220;center&#8220; custom_margin=&#8220;-28px||&#8220;]<\/p>\n<p class=\"person-title\">DIPL. &#8211; FINANZWIRT (FH)<\/p>\n<p>[\/et_pb_text][et_pb_divider divider_weight=&#8220;1px&#8220; _builder_version=&#8220;3.19.18&#8243; max_width=&#8220;38%&#8220; module_alignment=&#8220;center&#8220; height=&#8220;0px&#8220; custom_margin=&#8220;-24px||11px&#8220;][\/et_pb_divider][et_pb_text _builder_version=&#8220;3.27.4&#8243; text_font=&#8220;||||||||&#8220; text_orientation=&#8220;center&#8220;]<\/p>\n<p>Rechtsanwalt<br \/>\nFachanwalt f\u00fcr Steuerrecht<\/p>\n<p>[\/et_pb_text][\/et_pb_column][et_pb_column type=&#8220;1_4&#8243; _builder_version=&#8220;3.25&#8243; custom_padding=&#8220;|||&#8220; custom_padding__hover=&#8220;|||&#8220;][et_pb_text _builder_version=&#8220;4.9.4&#8243; background_color=&#8220;rgba(6,89,186,0)&#8220; background_image=&#8220;https:\/\/www.drkleinehr.de\/wp-content\/uploads\/2024\/01\/2017-12-11_11-47-50-VIII-e1517303004644.jpg&#8220; background_blend=&#8220;multiply&#8220; custom_padding=&#8220;160px||160px||true&#8220; link_option_url=&#8220;\/jan-kleinehr&#8220; background__hover_enabled=&#8220;on&#8220; background_color__hover=&#8220;rgba(6,89,186,0.56)&#8220;][\/et_pb_text][et_pb_text _builder_version=&#8220;3.27.4&#8243; text_font=&#8220;|600|||||||&#8220; text_font_size=&#8220;21px&#8220; header_font=&#8220;||||||||&#8220; text_orientation=&#8220;center&#8220; custom_margin=&#8220;12px||&#8220;]<\/p>\n<p>JAN D. KLEINEHR<\/p>\n<p>[\/et_pb_text][et_pb_text _builder_version=&#8220;3.27.4&#8243; text_font=&#8220;||||||||&#8220; header_4_font=&#8220;||||||||&#8220; text_orientation=&#8220;center&#8220; custom_margin=&#8220;-28px||&#8220;]<\/p>\n<p class=\"person-title\">DIPL.- JURIST (UNI MA)<\/p>\n<p>[\/et_pb_text][et_pb_divider divider_weight=&#8220;1px&#8220; _builder_version=&#8220;3.19.18&#8243; max_width=&#8220;38%&#8220; module_alignment=&#8220;center&#8220; height=&#8220;0px&#8220; custom_margin=&#8220;-24px||11px&#8220;][\/et_pb_divider][et_pb_text _builder_version=&#8220;3.27.4&#8243; text_font=&#8220;||||||||&#8220; text_orientation=&#8220;center&#8220;]<\/p>\n<p>Rechtsanwalt<br \/>\nFachanwalt f\u00fcr Steuerrecht<\/p>\n<p>[\/et_pb_text][\/et_pb_column][et_pb_column type=&#8220;1_4&#8243; _builder_version=&#8220;3.25&#8243; custom_padding=&#8220;|||&#8220; custom_padding__hover=&#8220;|||&#8220;][et_pb_text _builder_version=&#8220;4.9.4&#8243; background_color=&#8220;rgba(6,89,186,0)&#8220; background_image=&#8220;https:\/\/www.drkleinehr.de\/wp-content\/uploads\/2024\/01\/2017-12-11_11-37-31-e1516270225268.jpg&#8220; background_blend=&#8220;multiply&#8220; custom_padding=&#8220;160px||160px||true&#8220; link_option_url=&#8220;\/michael-weber&#8220; background__hover_enabled=&#8220;on&#8220; background_color__hover=&#8220;rgba(6,89,186,0.56)&#8220;][\/et_pb_text][et_pb_text _builder_version=&#8220;3.27.4&#8243; text_font=&#8220;|600|||||||&#8220; text_font_size=&#8220;21px&#8220; header_font=&#8220;||||||||&#8220; text_orientation=&#8220;center&#8220; custom_margin=&#8220;12px||&#8220;]<\/p>\n<p>MICHAEL WEBER<\/p>\n<p>[\/et_pb_text][et_pb_text _builder_version=&#8220;3.27.4&#8243; text_font=&#8220;||||||||&#8220; header_4_font=&#8220;||||||||&#8220; text_orientation=&#8220;center&#8220; custom_margin=&#8220;-28px||&#8220;]<\/p>\n<p class=\"person-title\">RECHTSANWALT<\/p>\n<p>[\/et_pb_text][et_pb_divider divider_weight=&#8220;1px&#8220; _builder_version=&#8220;3.19.18&#8243; max_width=&#8220;38%&#8220; module_alignment=&#8220;center&#8220; height=&#8220;0px&#8220; custom_margin=&#8220;-24px||11px&#8220;][\/et_pb_divider][\/et_pb_column][\/et_pb_row][\/et_pb_section][et_pb_section fb_built=&#8220;1&#8243; module_id=&#8220;mitarbeiter&#8220; module_class=&#8220;mitarbeiter&#8220; _builder_version=&#8220;4.4.2&#8243; background_color=&#8220;#c7cdd8&#8243; custom_padding=&#8220;||||false|false&#8220;][et_pb_row _builder_version=&#8220;4.4.2&#8243;][et_pb_column type=&#8220;4_4&#8243; _builder_version=&#8220;4.4.2&#8243;][et_pb_text _builder_version=&#8220;4.4.2&#8243; text_font=&#8220;||||||||&#8220; text_text_color=&#8220;#555555&#8243; header_2_font=&#8220;||||||||&#8220; header_2_text_color=&#8220;#555555&#8243; header_3_font=&#8220;||||||||&#8220; header_3_text_color=&#8220;#555555&#8243; custom_margin=&#8220;||||false|false&#8220;]<\/p>\n<h2>MITARBEITER<\/h2>\n<p>Fachlich besonders qualifizierte Mitarbeiter:<\/p>\n<p>[\/et_pb_text][\/et_pb_column][\/et_pb_row][et_pb_row column_structure=&#8220;1_2,1_2&#8243; _builder_version=&#8220;4.4.2&#8243; custom_margin=&#8220;||||false|false&#8220; custom_padding=&#8220;0px||||false|false&#8220;][et_pb_column type=&#8220;1_2&#8243; _builder_version=&#8220;3.25&#8243; custom_padding=&#8220;|||&#8220; custom_padding__hover=&#8220;|||&#8220;][et_pb_text _builder_version=&#8220;4.9.4&#8243; custom_margin=&#8220;||||false|false&#8220;]<\/p>\n<p><strong>Simone Ammann<\/strong> Rechtsanwaltsfachangestellte<\/p>\n<p>[\/et_pb_text][\/et_pb_column][et_pb_column type=&#8220;1_2&#8243; _builder_version=&#8220;3.25&#8243; custom_padding=&#8220;|||&#8220; custom_padding__hover=&#8220;|||&#8220;][et_pb_text _builder_version=&#8220;4.4.2&#8243; custom_margin=&#8220;||||false|false&#8220; custom_margin_tablet=&#8220;-15px||||false|false&#8220; custom_margin_phone=&#8220;-15px||||false|false&#8220; custom_margin_last_edited=&#8220;on|tablet&#8220; custom_padding=&#8220;||||false|false&#8220;]<\/p>\n<p><strong>Gitte Walzel<\/strong> Gepr. Bilanzbuchhalterin<\/p>\n<p>[\/et_pb_text][\/et_pb_column][\/et_pb_row][\/et_pb_section][et_pb_section fb_built=&#8220;1&#8243; module_id=&#8220;anfahrt&#8220; module_class=&#8220;anfahrt&#8220; _builder_version=&#8220;4.4.2&#8243; custom_padding=&#8220;||||false|false&#8220;][et_pb_row _builder_version=&#8220;3.25&#8243;][et_pb_column type=&#8220;4_4&#8243; _builder_version=&#8220;3.25&#8243; custom_padding=&#8220;|||&#8220; custom_padding__hover=&#8220;|||&#8220;][et_pb_text _builder_version=&#8220;3.27.4&#8243; custom_margin=&#8220;||0px&#8220;]<\/p>\n<h2>ANFAHRT<\/h2>\n<p>[\/et_pb_text][et_pb_code _builder_version=&#8220;3.19.18&#8243;]<iframe loading=\"lazy\" style=\"border: 0;\" tabindex=\"0\" src=\"https:\/\/www.google.com\/maps\/embed?pb=!1m14!1m8!1m3!1d1295.8819420741952!2d8.477884!3d49.48896700000001!3m2!1i1024!2i768!4f13.1!3m3!1m2!1s0x4797ce9df36868a3%3A0xac56c827cdb89119!2sHebelstra%C3%9Fe%2013%2C%2068161%20Mannheim!5e0!3m2!1sde!2sde!4v1586418438377!5m2!1sde!2sde\" width=\"1170\" height=\"600\" frameborder=\"0\" allowfullscreen=\"allowfullscreen\" aria-hidden=\"false\"><\/iframe>[\/et_pb_code][\/et_pb_column][\/et_pb_row][\/et_pb_section][et_pb_section fb_built=&#8220;1&#8243; _builder_version=&#8220;4.4.3&#8243; background_color=&#8220;#333333&#8243; custom_padding=&#8220;20px|0px|55px|0px|false|false&#8220; global_module=&#8220;389&#8243; saved_tabs=&#8220;all&#8220; locked=&#8220;off&#8220;][et_pb_row column_structure=&#8220;1_2,1_2&#8243; _builder_version=&#8220;4.4.2&#8243; custom_padding=&#8220;||||false|false&#8220;][et_pb_column type=&#8220;1_2&#8243; _builder_version=&#8220;3.25&#8243; custom_padding=&#8220;|||&#8220; custom_padding__hover=&#8220;|||&#8220;][et_pb_blurb use_icon=&#8220;on&#8220; font_icon=&#8220;%%264%%&#8220; icon_color=&#8220;#ffffff&#8220; icon_placement=&#8220;left&#8220; use_icon_font_size=&#8220;on&#8220; icon_font_size=&#8220;14px&#8220; _builder_version=&#8220;4.4.3&#8243; body_font=&#8220;||||||||&#8220; body_text_align=&#8220;left&#8220; body_text_color=&#8220;#ffffff&#8220; body_font_size=&#8220;12px&#8220; body_line_height=&#8220;1.3em&#8220; custom_margin=&#8220;|||0px&#8220; animation=&#8220;off&#8220; body_text_color_tablet=&#8220;#ffffff&#8220; body_text_color_phone=&#8220;#ffffff&#8220; body_text_color_last_edited=&#8220;on|tablet&#8220; locked=&#8220;off&#8220;]<\/p>\n<p>+49 (0) 621 \/ 1 29 39 &#8211; 0<\/p>\n<p>[\/et_pb_blurb][et_pb_blurb use_icon=&#8220;on&#8220; font_icon=&#8220;%%268%%&#8220; icon_color=&#8220;#ffffff&#8220; icon_placement=&#8220;left&#8220; use_icon_font_size=&#8220;on&#8220; icon_font_size=&#8220;14px&#8220; _builder_version=&#8220;4.4.3&#8243; body_font=&#8220;||||||||&#8220; body_text_align=&#8220;left&#8220; body_text_color=&#8220;#ffffff&#8220; body_font_size=&#8220;12px&#8220; body_line_height=&#8220;1.3em&#8220; custom_margin=&#8220;-11px|||0px&#8220; animation=&#8220;off&#8220; body_text_color_tablet=&#8220;&#8220; body_text_color_phone=&#8220;#ffffff&#8220; body_text_color_last_edited=&#8220;on|phone&#8220; locked=&#8220;off&#8220;]<\/p>\n<p>+49 (0) 621 \/ 1 29 39 &#8211; 29<\/p>\n<p>[\/et_pb_blurb][et_pb_blurb use_icon=&#8220;on&#8220; font_icon=&#8220;%%249%%&#8220; icon_color=&#8220;#ffffff&#8220; icon_placement=&#8220;left&#8220; use_icon_font_size=&#8220;on&#8220; icon_font_size=&#8220;14px&#8220; _builder_version=&#8220;3.19.18&#8243; body_font=&#8220;||||||||&#8220; body_text_align=&#8220;left&#8220; body_text_color=&#8220;#ffffff&#8220; body_font_size=&#8220;12px&#8220; body_line_height=&#8220;1.3em&#8220; custom_margin=&#8220;-11px|||0px&#8220; animation=&#8220;off&#8220; locked=&#8220;off&#8220;]<\/p>\n<p>Hebelstrasse 13<\/p>\n<p>[\/et_pb_blurb][et_pb_blurb use_icon=&#8220;on&#8220; font_icon=&#8220;%%249%%&#8220; icon_color=&#8220;#ffffff&#8220; icon_placement=&#8220;left&#8220; use_icon_font_size=&#8220;on&#8220; icon_font_size=&#8220;14px&#8220; _builder_version=&#8220;3.19.18&#8243; body_font=&#8220;||||||||&#8220; body_text_align=&#8220;left&#8220; body_text_color=&#8220;#ffffff&#8220; body_font_size=&#8220;12px&#8220; body_line_height=&#8220;1.3em&#8220; custom_margin=&#8220;-11px|||0px&#8220; animation=&#8220;off&#8220; locked=&#8220;off&#8220;]<\/p>\n<p>68161 Mannheim<\/p>\n<p>[\/et_pb_blurb][et_pb_blurb use_icon=&#8220;on&#8220; font_icon=&#8220;%%238%%&#8220; icon_color=&#8220;#ffffff&#8220; icon_placement=&#8220;left&#8220; use_icon_font_size=&#8220;on&#8220; icon_font_size=&#8220;14px&#8220; _builder_version=&#8220;3.19.18&#8243; body_font=&#8220;||||||||&#8220; body_text_align=&#8220;left&#8220; body_text_color=&#8220;#ffffff&#8220; body_font_size=&#8220;12px&#8220; body_line_height=&#8220;1.3em&#8220; custom_margin=&#8220;-11px|||0px&#8220; animation=&#8220;off&#8220; locked=&#8220;off&#8220;]<\/p>\n<p><span style=\"color: #ffffff;\"><a style=\"color: #ffffff;\" href=\"mailto:info@drkleinehr.de\">info@drkleinehr.de<\/a><\/span><\/p>\n<p>[\/et_pb_blurb][\/et_pb_column][et_pb_column type=&#8220;1_2&#8243; _builder_version=&#8220;3.25&#8243; custom_padding=&#8220;|||&#8220; custom_padding__hover=&#8220;|||&#8220;][et_pb_text _builder_version=&#8220;4.9.4&#8243; text_font=&#8220;||||||||&#8220; text_text_color=&#8220;rgba(0,0,0,0.44)&#8220; link_font=&#8220;||||||||&#8220; link_text_align=&#8220;right&#8220; link_text_color=&#8220;rgba(255,255,255,0.37)&#8220; link_font_size=&#8220;14px&#8220; link_line_height=&#8220;0em&#8220; custom_margin=&#8220;||||false|false&#8220; hover_enabled=&#8220;0&#8243; sticky_enabled=&#8220;0&#8243;]<\/p>\n<p><a href=\"\/impressum\">Impressum<br \/>\n<\/a><a href=\"\/datenschutz\">Datenschutz<\/a><\/p>\n<p>[\/et_pb_text][et_pb_text _builder_version=&#8220;4.9.4&#8243; text_font=&#8220;||||||||&#8220; text_text_color=&#8220;rgba(0,0,0,0.44)&#8220; link_font=&#8220;||||||||&#8220; link_text_align=&#8220;right&#8220; link_text_color=&#8220;rgba(255,255,255,0.37)&#8220; link_font_size=&#8220;14px&#8220; link_line_height=&#8220;0em&#8220; custom_margin=&#8220;||||false|false&#8220; hover_enabled=&#8220;0&#8243; sticky_enabled=&#8220;0&#8243; disabled_on=&#8220;on|on|on&#8220; disabled=&#8220;on&#8220;]<\/p>\n<p><a href=\"\/impressum\">Impressum<br \/>\n<\/a><a href=\"\/datenschutz\">Datenschutz<\/a><br \/>\n<a href=\"\/downloads\">Downloads<\/a><\/p>\n<p>[\/et_pb_text][\/et_pb_column][\/et_pb_row][\/et_pb_section][et_pb_section fb_built=&#8220;1&#8243; _builder_version=&#8220;3.19.18&#8243; background_color=&#8220;#000000&#8243; custom_padding=&#8220;6px||6px||true&#8220; global_module=&#8220;391&#8243; saved_tabs=&#8220;all&#8220; locked=&#8220;off&#8220;][et_pb_row _builder_version=&#8220;3.25&#8243; custom_padding=&#8220;0|0px|0|0px|false|false&#8220;][et_pb_column type=&#8220;4_4&#8243; _builder_version=&#8220;3.25&#8243; custom_padding=&#8220;|||&#8220; custom_padding__hover=&#8220;|||&#8220;][et_pb_text _builder_version=&#8220;4.9.4&#8243; text_font=&#8220;||||||||&#8220; text_text_color=&#8220;#ffffff&#8220; text_font_size=&#8220;12px&#8220;]<\/p>\n<p>Copyright \u00a9 2024 &#8211; Dr. Kleinehr &amp; Thiele<\/p>\n<p>[\/et_pb_text][\/et_pb_column][\/et_pb_row][\/et_pb_section]<\/p>\n","protected":false},"excerpt":{"rendered":"<p>[et_pb_section fb_built=&#8220;1&#8243; fullwidth=&#8220;on&#8220; module_id=&#8220;home&#8220; module_class=&#8220;home&#8220; _builder_version=&#8220;4.4.2&#8243; custom_margin_tablet=&#8220;&#8220; custom_margin_phone=&#8220;&#8220; custom_margin_last_edited=&#8220;on|phone&#8220; custom_padding=&#8220;||||false|false&#8220;][et_pb_fullwidth_header text_orientation=&#8220;center&#8220; disabled_on=&#8220;off|on|on&#8220; _builder_version=&#8220;4.4.2&#8243; background_color=&#8220;#ffffff&#8220; custom_margin=&#8220;||||false|false&#8220; custom_padding=&#8220;0px||0px||false|false&#8220;][\/et_pb_fullwidth_header][et_pb_fullwidth_image src=&#8220;https:\/\/www.drkleinehr.de\/wp-content\/uploads\/2024\/01\/1D5_1936-2400-3.jpg&#8220; title_text=&#8220;1D5_1936-2400-3&#8243; _builder_version=&#8220;4.9.4&#8243; custom_margin_tablet=&#8220;&#8220; custom_margin_phone=&#8220;&#8220; custom_margin_last_edited=&#8220;on|desktop&#8220; custom_padding=&#8220;||||false|false&#8220;][\/et_pb_fullwidth_image][\/et_pb_section][et_pb_section fb_built=&#8220;1&#8243; module_id=&#8220;kanzlei&#8220; module_class=&#8220;kanzlei&#8220; _builder_version=&#8220;4.4.2&#8243; custom_padding=&#8220;||||false|false&#8220;][et_pb_row column_structure=&#8220;1_2,1_2&#8243; use_custom_gutter=&#8220;on&#8220; make_equal=&#8220;on&#8220; padding_left_right_link_1=&#8220;false&#8220; _builder_version=&#8220;4.4.2&#8243;][et_pb_column type=&#8220;1_2&#8243; _builder_version=&#8220;4.4.2&#8243; custom_padding=&#8220;|||&#8220; custom_padding__hover=&#8220;|||&#8220;][et_pb_text _builder_version=&#8220;4.4.2&#8243; text_font=&#8220;||||||||&#8220; text_font_size=&#8220;14px&#8220; header_2_font=&#8220;||||||||&#8220; width=&#8220;100%&#8220; custom_margin=&#8220;|-235px||&#8220; custom_padding=&#8220;|0px||&#8220; text_orientation_tablet=&#8220;&#8220; text_orientation_phone=&#8220;left&#8220; text_orientation_last_edited=&#8220;on|phone&#8220;] DIE KANZLEI Die T\u00e4tigkeitsschwerpunkte unserer Kanzlei sind alle [&hellip;]<\/p>\n","protected":false},"author":1,"featured_media":0,"parent":0,"menu_order":0,"comment_status":"closed","ping_status":"closed","template":"","meta":{"_et_pb_use_builder":"on","_et_pb_old_content":"","_et_gb_content_width":"","footnotes":""},"_links":{"self":[{"href":"https:\/\/www.drkleinehr.de\/rechtsanwalt-mannheim\/wp-json\/wp\/v2\/pages\/359"}],"collection":[{"href":"https:\/\/www.drkleinehr.de\/rechtsanwalt-mannheim\/wp-json\/wp\/v2\/pages"}],"about":[{"href":"https:\/\/www.drkleinehr.de\/rechtsanwalt-mannheim\/wp-json\/wp\/v2\/types\/page"}],"author":[{"embeddable":true,"href":"https:\/\/www.drkleinehr.de\/rechtsanwalt-mannheim\/wp-json\/wp\/v2\/users\/1"}],"replies":[{"embeddable":true,"href":"https:\/\/www.drkleinehr.de\/rechtsanwalt-mannheim\/wp-json\/wp\/v2\/comments?post=359"}],"version-history":[{"count":59,"href":"https:\/\/www.drkleinehr.de\/rechtsanwalt-mannheim\/wp-json\/wp\/v2\/pages\/359\/revisions"}],"predecessor-version":[{"id":704,"href":"https:\/\/www.drkleinehr.de\/rechtsanwalt-mannheim\/wp-json\/wp\/v2\/pages\/359\/revisions\/704"}],"wp:attachment":[{"href":"https:\/\/www.drkleinehr.de\/rechtsanwalt-mannheim\/wp-json\/wp\/v2\/media?parent=359"}],"curies":[{"name":"wp","href":"https:\/\/api.w.org\/{rel}","templated":true}]}}