{"id":677,"date":"2024-01-31T15:51:39","date_gmt":"2024-01-31T14:51:39","guid":{"rendered":"https:\/\/www.drkleinehr.de\/rechtsanwalt-mannheim\/?page_id=677"},"modified":"2024-01-31T16:59:26","modified_gmt":"2024-01-31T15:59:26","slug":"downloads","status":"publish","type":"page","link":"https:\/\/www.drkleinehr.de\/rechtsanwalt-mannheim\/downloads\/","title":{"rendered":"Downloads"},"content":{"rendered":"<p>[et_pb_section fb_built=&#8220;1&#8243; _builder_version=&#8220;4.9.4&#8243; _module_preset=&#8220;default&#8220;][et_pb_row _builder_version=&#8220;4.9.4&#8243; _module_preset=&#8220;default&#8220;][et_pb_column type=&#8220;4_4&#8243; _builder_version=&#8220;4.9.4&#8243; _module_preset=&#8220;default&#8220;][et_pb_text _builder_version=&#8220;4.9.4&#8243; _module_preset=&#8220;default&#8220;]<\/p>\n<h2>Downloads<\/h2>\n<p>[\/et_pb_text][\/et_pb_column][\/et_pb_row][et_pb_row column_structure=&#8220;1_2,1_2&#8243; _builder_version=&#8220;4.9.4&#8243; _module_preset=&#8220;default&#8220;][et_pb_column type=&#8220;1_2&#8243; _builder_version=&#8220;4.9.4&#8243; _module_preset=&#8220;default&#8220;][et_pb_text _builder_version=&#8220;4.9.4&#8243; _module_preset=&#8220;default&#8220;]<\/p>\n<p><strong>Formulare<\/strong><\/p>\n<p><span style=\"color: #0000ff;\"><a href=\"https:\/\/www.drkleinehr.de\/wp-content\/uploads\/2024\/01\/VollmachtFormular.pdf\" style=\"color: #0000ff;\" target=\"_blank\" rel=\"noopener\">Vollmacht<\/a><\/span><\/p>\n<p><span style=\"color: #0000ff;\"><a href=\"https:\/\/www.drkleinehr.de\/wp-content\/uploads\/2024\/01\/Einwilligung.pdf\" style=\"color: #0000ff;\" target=\"_blank\" rel=\"noopener\">Einverst\u00e4ndniserkl\u00e4rung<\/a><\/span><\/p>\n<p><span style=\"color: #0000ff;\"><a href=\"https:\/\/www.drkleinehr.de\/wp-content\/uploads\/2024\/01\/Fingerprints.pdf\" style=\"color: #0000ff;\" target=\"_blank\" rel=\"noopener\">Fingerabdr\u00fccke der PGP-Schl\u00fcssel<\/a><\/span><\/p>\n<p>[\/et_pb_text][\/et_pb_column][et_pb_column type=&#8220;1_2&#8243; _builder_version=&#8220;4.9.4&#8243; _module_preset=&#8220;default&#8220;][et_pb_text _builder_version=&#8220;4.9.4&#8243; _module_preset=&#8220;default&#8220;]<\/p>\n<p><strong>PGP-Schl\u00fcssel<\/strong><\/p>\n<p><span style=\"color: #3366ff;\"><a href=\"https:\/\/www.drkleinehr.de\/pgp\/DrK-pgp.asc\" target=\"_blank\" rel=\"noopener\" style=\"color: #3366ff;\">RA Dr. Dirk E. Kleinehr<\/a><\/span><\/p>\n<p><span style=\"color: #3366ff;\"><a href=\"https:\/\/www.drkleinehr.de\/pgp\/BT-pgp.asc\" target=\"_blank\" rel=\"noopener\" style=\"color: #3366ff;\">RA Bernd Thiele<\/a><\/span><\/p>\n<p><span style=\"color: #3366ff;\"><a href=\"https:\/\/www.drkleinehr.de\/pgp\/JK-pgp.asc\" target=\"_blank\" rel=\"noopener\" style=\"color: #3366ff;\">RA Jan D. Kleinehr<\/a><\/span><\/p>\n<p><span style=\"color: #3366ff;\"><a href=\"https:\/\/www.drkleinehr.de\/pgp\/MW-pgp.asc\" target=\"_blank\" rel=\"noopener\" style=\"color: #3366ff;\">RA Michael Weber<\/a><\/span><\/p>\n<p>[\/et_pb_text][\/et_pb_column][\/et_pb_row][\/et_pb_section][et_pb_section fb_built=&#8220;1&#8243; _builder_version=&#8220;4.4.3&#8243; background_color=&#8220;#333333&#8243; custom_padding=&#8220;20px|0px|55px|0px|false|false&#8220; global_module=&#8220;389&#8243; saved_tabs=&#8220;all&#8220; locked=&#8220;off&#8220;][et_pb_row column_structure=&#8220;1_2,1_2&#8243; _builder_version=&#8220;4.4.2&#8243; custom_padding=&#8220;||||false|false&#8220;][et_pb_column type=&#8220;1_2&#8243; _builder_version=&#8220;3.25&#8243; custom_padding=&#8220;|||&#8220; custom_padding__hover=&#8220;|||&#8220;][et_pb_blurb use_icon=&#8220;on&#8220; font_icon=&#8220;%%264%%&#8220; icon_color=&#8220;#ffffff&#8220; icon_placement=&#8220;left&#8220; use_icon_font_size=&#8220;on&#8220; icon_font_size=&#8220;14px&#8220; _builder_version=&#8220;4.4.3&#8243; body_font=&#8220;||||||||&#8220; body_text_align=&#8220;left&#8220; body_text_color=&#8220;#ffffff&#8220; body_font_size=&#8220;12px&#8220; body_line_height=&#8220;1.3em&#8220; custom_margin=&#8220;|||0px&#8220; animation=&#8220;off&#8220; body_text_color_tablet=&#8220;#ffffff&#8220; body_text_color_phone=&#8220;#ffffff&#8220; body_text_color_last_edited=&#8220;on|tablet&#8220; locked=&#8220;off&#8220;]<\/p>\n<p>+49 (0) 621 \/ 1 29 39 &#8211; 0<\/p>\n<p>[\/et_pb_blurb][et_pb_blurb use_icon=&#8220;on&#8220; font_icon=&#8220;%%268%%&#8220; icon_color=&#8220;#ffffff&#8220; icon_placement=&#8220;left&#8220; use_icon_font_size=&#8220;on&#8220; icon_font_size=&#8220;14px&#8220; _builder_version=&#8220;4.4.3&#8243; body_font=&#8220;||||||||&#8220; body_text_align=&#8220;left&#8220; body_text_color=&#8220;#ffffff&#8220; body_font_size=&#8220;12px&#8220; body_line_height=&#8220;1.3em&#8220; custom_margin=&#8220;-11px|||0px&#8220; animation=&#8220;off&#8220; body_text_color_tablet=&#8220;&#8220; body_text_color_phone=&#8220;#ffffff&#8220; body_text_color_last_edited=&#8220;on|phone&#8220; locked=&#8220;off&#8220;]<\/p>\n<p>+49 (0) 621 \/ 1 29 39 &#8211; 29<\/p>\n<p>[\/et_pb_blurb][et_pb_blurb use_icon=&#8220;on&#8220; font_icon=&#8220;%%249%%&#8220; icon_color=&#8220;#ffffff&#8220; icon_placement=&#8220;left&#8220; use_icon_font_size=&#8220;on&#8220; icon_font_size=&#8220;14px&#8220; _builder_version=&#8220;3.19.18&#8243; body_font=&#8220;||||||||&#8220; body_text_align=&#8220;left&#8220; body_text_color=&#8220;#ffffff&#8220; body_font_size=&#8220;12px&#8220; body_line_height=&#8220;1.3em&#8220; custom_margin=&#8220;-11px|||0px&#8220; animation=&#8220;off&#8220; locked=&#8220;off&#8220;]<\/p>\n<p>Hebelstrasse 13<\/p>\n<p>[\/et_pb_blurb][et_pb_blurb use_icon=&#8220;on&#8220; font_icon=&#8220;%%249%%&#8220; icon_color=&#8220;#ffffff&#8220; icon_placement=&#8220;left&#8220; use_icon_font_size=&#8220;on&#8220; icon_font_size=&#8220;14px&#8220; _builder_version=&#8220;3.19.18&#8243; body_font=&#8220;||||||||&#8220; body_text_align=&#8220;left&#8220; body_text_color=&#8220;#ffffff&#8220; body_font_size=&#8220;12px&#8220; body_line_height=&#8220;1.3em&#8220; custom_margin=&#8220;-11px|||0px&#8220; animation=&#8220;off&#8220; locked=&#8220;off&#8220;]<\/p>\n<p>68161 Mannheim<\/p>\n<p>[\/et_pb_blurb][et_pb_blurb use_icon=&#8220;on&#8220; font_icon=&#8220;%%238%%&#8220; icon_color=&#8220;#ffffff&#8220; icon_placement=&#8220;left&#8220; use_icon_font_size=&#8220;on&#8220; icon_font_size=&#8220;14px&#8220; _builder_version=&#8220;3.19.18&#8243; body_font=&#8220;||||||||&#8220; body_text_align=&#8220;left&#8220; body_text_color=&#8220;#ffffff&#8220; body_font_size=&#8220;12px&#8220; body_line_height=&#8220;1.3em&#8220; custom_margin=&#8220;-11px|||0px&#8220; animation=&#8220;off&#8220; locked=&#8220;off&#8220;]<\/p>\n<p><span style=\"color: #ffffff;\"><a href=\"mailto:info@drkleinehr.de\" style=\"color: #ffffff;\">info@drkleinehr.de<\/a><\/span><\/p>\n<p>[\/et_pb_blurb][\/et_pb_column][et_pb_column type=&#8220;1_2&#8243; _builder_version=&#8220;3.25&#8243; custom_padding=&#8220;|||&#8220; custom_padding__hover=&#8220;|||&#8220;][et_pb_text disabled_on=&#8220;off|off|off&#8220; _builder_version=&#8220;4.9.4&#8243; text_font=&#8220;||||||||&#8220; text_text_color=&#8220;rgba(0,0,0,0.44)&#8220; link_font=&#8220;||||||||&#8220; link_text_align=&#8220;right&#8220; link_text_color=&#8220;rgba(255,255,255,0.37)&#8220; link_font_size=&#8220;14px&#8220; link_line_height=&#8220;0em&#8220; custom_margin=&#8220;||||false|false&#8220; hover_enabled=&#8220;0&#8243; sticky_enabled=&#8220;0&#8243;]<\/p>\n<p><a href=\"\/impressum\">Impressum<br \/><\/a><a href=\"\/datenschutz\">Datenschutz<\/a><br \/><a href=\"\/downloads\">Downloads<\/a><\/p>\n<p>[\/et_pb_text][\/et_pb_column][\/et_pb_row][\/et_pb_section][et_pb_section fb_built=&#8220;1&#8243; _builder_version=&#8220;3.19.18&#8243; background_color=&#8220;#000000&#8243; custom_padding=&#8220;6px||6px||true&#8220; global_module=&#8220;391&#8243; saved_tabs=&#8220;all&#8220; locked=&#8220;off&#8220;][et_pb_row _builder_version=&#8220;3.25&#8243; custom_padding=&#8220;0|0px|0|0px|false|false&#8220;][et_pb_column type=&#8220;4_4&#8243; _builder_version=&#8220;3.25&#8243; custom_padding=&#8220;|||&#8220; custom_padding__hover=&#8220;|||&#8220;][et_pb_text _builder_version=&#8220;4.9.4&#8243; text_font=&#8220;||||||||&#8220; text_text_color=&#8220;#ffffff&#8220; text_font_size=&#8220;12px&#8220;]<\/p>\n<p>Copyright \u00a9 2024 &#8211; Dr. Kleinehr &amp; Thiele<\/p>\n<p>[\/et_pb_text][\/et_pb_column][\/et_pb_row][\/et_pb_section]<\/p>\n","protected":false},"excerpt":{"rendered":"<p>[et_pb_section fb_built=&#8220;1&#8243; _builder_version=&#8220;4.9.4&#8243; _module_preset=&#8220;default&#8220;][et_pb_row _builder_version=&#8220;4.9.4&#8243; _module_preset=&#8220;default&#8220;][et_pb_column type=&#8220;4_4&#8243; _builder_version=&#8220;4.9.4&#8243; _module_preset=&#8220;default&#8220;][et_pb_text _builder_version=&#8220;4.9.4&#8243; _module_preset=&#8220;default&#8220;] Downloads [\/et_pb_text][\/et_pb_column][\/et_pb_row][et_pb_row column_structure=&#8220;1_2,1_2&#8243; _builder_version=&#8220;4.9.4&#8243; _module_preset=&#8220;default&#8220;][et_pb_column type=&#8220;1_2&#8243; _builder_version=&#8220;4.9.4&#8243; _module_preset=&#8220;default&#8220;][et_pb_text _builder_version=&#8220;4.9.4&#8243; _module_preset=&#8220;default&#8220;] Formulare Vollmacht Einverst\u00e4ndniserkl\u00e4rung Fingerabdr\u00fccke der PGP-Schl\u00fcssel [\/et_pb_text][\/et_pb_column][et_pb_column type=&#8220;1_2&#8243; _builder_version=&#8220;4.9.4&#8243; _module_preset=&#8220;default&#8220;][et_pb_text _builder_version=&#8220;4.9.4&#8243; _module_preset=&#8220;default&#8220;] PGP-Schl\u00fcssel RA Dr. Dirk E. Kleinehr RA Bernd Thiele RA Jan D. Kleinehr RA Michael Weber [\/et_pb_text][\/et_pb_column][\/et_pb_row][\/et_pb_section][et_pb_section fb_built=&#8220;1&#8243; _builder_version=&#8220;4.4.3&#8243; background_color=&#8220;#333333&#8243; custom_padding=&#8220;20px|0px|55px|0px|false|false&#8220; global_module=&#8220;389&#8243; [&hellip;]<\/p>\n","protected":false},"author":1,"featured_media":0,"parent":0,"menu_order":0,"comment_status":"closed","ping_status":"closed","template":"","meta":{"_et_pb_use_builder":"on","_et_pb_old_content":"<!-- wp:paragraph -->\n<p><\/p>\n<!-- \/wp:paragraph -->\n\n<!-- wp:paragraph -->\n<p><\/p>\n<!-- \/wp:paragraph -->","_et_gb_content_width":"","footnotes":""},"_links":{"self":[{"href":"https:\/\/www.drkleinehr.de\/rechtsanwalt-mannheim\/wp-json\/wp\/v2\/pages\/677"}],"collection":[{"href":"https:\/\/www.drkleinehr.de\/rechtsanwalt-mannheim\/wp-json\/wp\/v2\/pages"}],"about":[{"href":"https:\/\/www.drkleinehr.de\/rechtsanwalt-mannheim\/wp-json\/wp\/v2\/types\/page"}],"author":[{"embeddable":true,"href":"https:\/\/www.drkleinehr.de\/rechtsanwalt-mannheim\/wp-json\/wp\/v2\/users\/1"}],"replies":[{"embeddable":true,"href":"https:\/\/www.drkleinehr.de\/rechtsanwalt-mannheim\/wp-json\/wp\/v2\/comments?post=677"}],"version-history":[{"count":14,"href":"https:\/\/www.drkleinehr.de\/rechtsanwalt-mannheim\/wp-json\/wp\/v2\/pages\/677\/revisions"}],"predecessor-version":[{"id":701,"href":"https:\/\/www.drkleinehr.de\/rechtsanwalt-mannheim\/wp-json\/wp\/v2\/pages\/677\/revisions\/701"}],"wp:attachment":[{"href":"https:\/\/www.drkleinehr.de\/rechtsanwalt-mannheim\/wp-json\/wp\/v2\/media?parent=677"}],"curies":[{"name":"wp","href":"https:\/\/api.w.org\/{rel}","templated":true}]}}