{"id":71,"date":"2017-04-20T10:42:41","date_gmt":"2017-04-20T08:42:41","guid":{"rendered":"http:\/\/baistneu.drkleinehr.de\/?page_id=71"},"modified":"2024-01-31T15:00:58","modified_gmt":"2024-01-31T14:00:58","slug":"jan-kleinehr","status":"publish","type":"page","link":"https:\/\/www.drkleinehr.de\/rechtsanwalt-mannheim\/jan-kleinehr\/","title":{"rendered":"Jan D. Kleinehr"},"content":{"rendered":"<p>[et_pb_section fb_built=&#8220;1&#8243; fullwidth=&#8220;on&#8220; _builder_version=&#8220;4.4.2&#8243; use_background_color_gradient=&#8220;on&#8220; background_color_gradient_start=&#8220;rgba(85,85,85,0.4)&#8220; background_color_gradient_end=&#8220;rgba(85,85,85,0)&#8220; background_color_gradient_start_position=&#8220;22%&#8220; custom_margin_tablet=&#8220;&#8220; custom_margin_phone=&#8220;&#8220; custom_margin_last_edited=&#8220;on|phone&#8220; custom_padding=&#8220;10px||10px||true|false&#8220;][\/et_pb_section][et_pb_section fb_built=&#8220;1&#8243; _builder_version=&#8220;4.4.2&#8243;][et_pb_row column_structure=&#8220;2_5,3_5&#8243; _builder_version=&#8220;4.4.2&#8243; max_width=&#8220;65%&#8220;][et_pb_column type=&#8220;2_5&#8243; _builder_version=&#8220;4.4.2&#8243;][et_pb_text _builder_version=&#8220;3.27.4&#8243; header_font=&#8220;|600|||||||&#8220; header_2_font=&#8220;||||||||&#8220;]<\/p>\n<h1>Jan D. Kleinehr<\/h1>\n<p>[\/et_pb_text][et_pb_image src=&#8220;https:\/\/www.drkleinehr.de\/wp-content\/uploads\/2024\/01\/2017-12-11_11-47-50-VIII-e1517303004644.jpg&#8220; align_tablet=&#8220;left&#8220; align_phone=&#8220;&#8220; align_last_edited=&#8220;on|desktop&#8220; _builder_version=&#8220;4.9.4&#8243; custom_margin=&#8220;0px|-35px||&#8220; custom_margin_tablet=&#8220;|0px|||false|false&#8220; custom_margin_phone=&#8220;&#8220; custom_margin_last_edited=&#8220;on|tablet&#8220; hover_enabled=&#8220;0&#8243; title_text=&#8220;2017-12-11_11-47-50-VIII-e1517303004644&#8243; sticky_enabled=&#8220;0&#8243;][\/et_pb_image][et_pb_text admin_label=&#8220;Text&#8220; _builder_version=&#8220;3.27.4&#8243; background_size=&#8220;initial&#8220; background_position=&#8220;top_left&#8220; background_repeat=&#8220;repeat&#8220;]<\/p>\n<p>Dipl.-Jurist (Uni Mannheim)<br \/> Rechtsanwalt<br \/> Fachanwalt f\u00fcr Steuerrecht<\/p>\n<p>[\/et_pb_text][\/et_pb_column][et_pb_column type=&#8220;3_5&#8243; _builder_version=&#8220;4.4.2&#8243;][et_pb_text _builder_version=&#8220;4.4.2&#8243; text_font=&#8220;||||||||&#8220; text_line_height=&#8220;1.9em&#8220; header_font=&#8220;||||||||&#8220; header_4_font=&#8220;||||||||&#8220; header_4_font_size=&#8220;22px&#8220; header_4_line_height=&#8220;1.6em&#8220; custom_margin_tablet=&#8220;||||false|false&#8220; custom_margin_phone=&#8220;&#8220; custom_margin_last_edited=&#8220;on|tablet&#8220; custom_padding=&#8220;||||false|false&#8220;]<\/p>\n<h4>1998 &#8211; 2004<\/h4>\n<p>Studium der Rechtswissenschaft an der Universit\u00e4t Mannheim<\/p>\n<p><span style=\"font-size: 22px;\">2004 &#8211; 2007<\/span><\/p>\n<p>Referendardienst in Baden-W\u00fcrttemberg<\/p>\n<p><span style=\"font-size: 22px;\">2007<\/span><\/p>\n<p>Zulassung zur Rechtsanwaltschaft<\/p>\n<h4>2007 &#8211; 2012<\/h4>\n<p>T\u00e4tigkeit in einer mittelst\u00e4ndischen Steuerberatungs- und Wirtschaftspr\u00fcfungsgesellschaft<\/p>\n<h4>2012<\/h4>\n<p>Erwerb des Fachanwalts f\u00fcr Steuerrecht<\/p>\n<h4>T\u00e4tigkeits- und Interessenschwerpunkte:<\/h4>\n<p>Steuerrecht, Erstellung von steuerrechtlichen Jahresabschl\u00fcssen und Steuererkl\u00e4rungen, Selbstanzeigen, Honorarklagen, Berufshaftpflichtrecht, Vertragsrecht<\/p>\n<p>[\/et_pb_text][\/et_pb_column][\/et_pb_row][\/et_pb_section][et_pb_section fb_built=&#8220;1&#8243; _builder_version=&#8220;4.4.3&#8243; background_color=&#8220;#333333&#8243; custom_padding=&#8220;20px|0px|55px|0px|false|false&#8220; global_module=&#8220;389&#8243; saved_tabs=&#8220;all&#8220; locked=&#8220;off&#8220;][et_pb_row column_structure=&#8220;1_2,1_2&#8243; _builder_version=&#8220;4.4.2&#8243; custom_padding=&#8220;||||false|false&#8220;][et_pb_column type=&#8220;1_2&#8243; _builder_version=&#8220;3.25&#8243; custom_padding=&#8220;|||&#8220; custom_padding__hover=&#8220;|||&#8220;][et_pb_blurb use_icon=&#8220;on&#8220; font_icon=&#8220;%%264%%&#8220; icon_color=&#8220;#ffffff&#8220; icon_placement=&#8220;left&#8220; use_icon_font_size=&#8220;on&#8220; icon_font_size=&#8220;14px&#8220; _builder_version=&#8220;4.4.3&#8243; body_font=&#8220;||||||||&#8220; body_text_align=&#8220;left&#8220; body_text_color=&#8220;#ffffff&#8220; body_font_size=&#8220;12px&#8220; body_line_height=&#8220;1.3em&#8220; custom_margin=&#8220;|||0px&#8220; animation=&#8220;off&#8220; body_text_color_tablet=&#8220;#ffffff&#8220; body_text_color_phone=&#8220;#ffffff&#8220; body_text_color_last_edited=&#8220;on|tablet&#8220; locked=&#8220;off&#8220;]<\/p>\n<p>+49 (0) 621 \/ 1 29 39 &#8211; 0<\/p>\n<p>[\/et_pb_blurb][et_pb_blurb use_icon=&#8220;on&#8220; font_icon=&#8220;%%268%%&#8220; icon_color=&#8220;#ffffff&#8220; icon_placement=&#8220;left&#8220; use_icon_font_size=&#8220;on&#8220; icon_font_size=&#8220;14px&#8220; _builder_version=&#8220;4.4.3&#8243; body_font=&#8220;||||||||&#8220; body_text_align=&#8220;left&#8220; body_text_color=&#8220;#ffffff&#8220; body_font_size=&#8220;12px&#8220; body_line_height=&#8220;1.3em&#8220; custom_margin=&#8220;-11px|||0px&#8220; animation=&#8220;off&#8220; body_text_color_tablet=&#8220;&#8220; body_text_color_phone=&#8220;#ffffff&#8220; body_text_color_last_edited=&#8220;on|phone&#8220; locked=&#8220;off&#8220;]<\/p>\n<p>+49 (0) 621 \/ 1 29 39 &#8211; 29<\/p>\n<p>[\/et_pb_blurb][et_pb_blurb use_icon=&#8220;on&#8220; font_icon=&#8220;%%249%%&#8220; icon_color=&#8220;#ffffff&#8220; icon_placement=&#8220;left&#8220; use_icon_font_size=&#8220;on&#8220; icon_font_size=&#8220;14px&#8220; _builder_version=&#8220;3.19.18&#8243; body_font=&#8220;||||||||&#8220; body_text_align=&#8220;left&#8220; body_text_color=&#8220;#ffffff&#8220; body_font_size=&#8220;12px&#8220; body_line_height=&#8220;1.3em&#8220; custom_margin=&#8220;-11px|||0px&#8220; animation=&#8220;off&#8220; locked=&#8220;off&#8220;]<\/p>\n<p>Hebelstrasse 13<\/p>\n<p>[\/et_pb_blurb][et_pb_blurb use_icon=&#8220;on&#8220; font_icon=&#8220;%%249%%&#8220; icon_color=&#8220;#ffffff&#8220; icon_placement=&#8220;left&#8220; use_icon_font_size=&#8220;on&#8220; icon_font_size=&#8220;14px&#8220; _builder_version=&#8220;3.19.18&#8243; body_font=&#8220;||||||||&#8220; body_text_align=&#8220;left&#8220; body_text_color=&#8220;#ffffff&#8220; body_font_size=&#8220;12px&#8220; body_line_height=&#8220;1.3em&#8220; custom_margin=&#8220;-11px|||0px&#8220; animation=&#8220;off&#8220; locked=&#8220;off&#8220;]<\/p>\n<p>68161 Mannheim<\/p>\n<p>[\/et_pb_blurb][et_pb_blurb use_icon=&#8220;on&#8220; font_icon=&#8220;%%238%%&#8220; icon_color=&#8220;#ffffff&#8220; icon_placement=&#8220;left&#8220; use_icon_font_size=&#8220;on&#8220; icon_font_size=&#8220;14px&#8220; _builder_version=&#8220;3.19.18&#8243; body_font=&#8220;||||||||&#8220; body_text_align=&#8220;left&#8220; body_text_color=&#8220;#ffffff&#8220; body_font_size=&#8220;12px&#8220; body_line_height=&#8220;1.3em&#8220; custom_margin=&#8220;-11px|||0px&#8220; animation=&#8220;off&#8220; locked=&#8220;off&#8220;]<\/p>\n<p><span style=\"color: #ffffff;\"><a href=\"mailto:info@drkleinehr.de\" style=\"color: #ffffff;\">info@drkleinehr.de<\/a><\/span><\/p>\n<p>[\/et_pb_blurb][\/et_pb_column][et_pb_column type=&#8220;1_2&#8243; _builder_version=&#8220;3.25&#8243; custom_padding=&#8220;|||&#8220; custom_padding__hover=&#8220;|||&#8220;][et_pb_text _builder_version=&#8220;4.4.2&#8243; text_font=&#8220;||||||||&#8220; text_text_color=&#8220;rgba(0,0,0,0.44)&#8220; link_font=&#8220;||||||||&#8220; link_text_align=&#8220;right&#8220; link_text_color=&#8220;rgba(255,255,255,0.37)&#8220; link_font_size=&#8220;14px&#8220; link_line_height=&#8220;0em&#8220; custom_margin=&#8220;||||false|false&#8220;]<\/p>\n<p><a href=\"\/impressum\">Impressum<br \/> <\/a><a href=\"\/datenschutz\">Datenschutz<\/a><br \/> <a href=\"\/downloads\">Downloads<\/a><\/p>\n<p>[\/et_pb_text][\/et_pb_column][\/et_pb_row][\/et_pb_section][et_pb_section fb_built=&#8220;1&#8243; _builder_version=&#8220;3.19.18&#8243; background_color=&#8220;#000000&#8243; custom_padding=&#8220;6px||6px||true&#8220; global_module=&#8220;391&#8243; saved_tabs=&#8220;all&#8220; locked=&#8220;off&#8220;][et_pb_row _builder_version=&#8220;3.25&#8243; custom_padding=&#8220;0|0px|0|0px|false|false&#8220;][et_pb_column type=&#8220;4_4&#8243; _builder_version=&#8220;3.25&#8243; custom_padding=&#8220;|||&#8220; custom_padding__hover=&#8220;|||&#8220;][et_pb_text _builder_version=&#8220;4.8.2&#8243; text_font=&#8220;||||||||&#8220; text_text_color=&#8220;#ffffff&#8220; text_font_size=&#8220;12px&#8220;]<\/p>\n<p>Copyright \u00a9 2021 &#8211; Dr. Kleinehr &amp; Thiele<\/p>\n<p>[\/et_pb_text][\/et_pb_column][\/et_pb_row][\/et_pb_section]<\/p>\n","protected":false},"excerpt":{"rendered":"<p>[et_pb_section fb_built=&#8220;1&#8243; fullwidth=&#8220;on&#8220; _builder_version=&#8220;4.4.2&#8243; use_background_color_gradient=&#8220;on&#8220; background_color_gradient_start=&#8220;rgba(85,85,85,0.4)&#8220; background_color_gradient_end=&#8220;rgba(85,85,85,0)&#8220; background_color_gradient_start_position=&#8220;22%&#8220; custom_margin_tablet=&#8220;&#8220; custom_margin_phone=&#8220;&#8220; custom_margin_last_edited=&#8220;on|phone&#8220; custom_padding=&#8220;10px||10px||true|false&#8220;][\/et_pb_section][et_pb_section fb_built=&#8220;1&#8243; _builder_version=&#8220;4.4.2&#8243;][et_pb_row column_structure=&#8220;2_5,3_5&#8243; _builder_version=&#8220;4.4.2&#8243; max_width=&#8220;65%&#8220;][et_pb_column type=&#8220;2_5&#8243; _builder_version=&#8220;4.4.2&#8243;][et_pb_text _builder_version=&#8220;3.27.4&#8243; header_font=&#8220;|600|||||||&#8220; header_2_font=&#8220;||||||||&#8220;] Jan D. Kleinehr [\/et_pb_text][et_pb_image src=&#8220;https:\/\/www.drkleinehr.de\/wp-content\/uploads\/2024\/01\/2017-12-11_11-47-50-VIII-e1517303004644.jpg&#8220; align_tablet=&#8220;left&#8220; align_phone=&#8220;&#8220; align_last_edited=&#8220;on|desktop&#8220; _builder_version=&#8220;4.9.4&#8243; custom_margin=&#8220;0px|-35px||&#8220; custom_margin_tablet=&#8220;|0px|||false|false&#8220; custom_margin_phone=&#8220;&#8220; custom_margin_last_edited=&#8220;on|tablet&#8220; hover_enabled=&#8220;0&#8243; title_text=&#8220;2017-12-11_11-47-50-VIII-e1517303004644&#8243; sticky_enabled=&#8220;0&#8243;][\/et_pb_image][et_pb_text admin_label=&#8220;Text&#8220; _builder_version=&#8220;3.27.4&#8243; background_size=&#8220;initial&#8220; background_position=&#8220;top_left&#8220; background_repeat=&#8220;repeat&#8220;] Dipl.-Jurist (Uni Mannheim) Rechtsanwalt Fachanwalt f\u00fcr Steuerrecht [\/et_pb_text][\/et_pb_column][et_pb_column type=&#8220;3_5&#8243; _builder_version=&#8220;4.4.2&#8243;][et_pb_text _builder_version=&#8220;4.4.2&#8243; text_font=&#8220;||||||||&#8220; [&hellip;]<\/p>\n","protected":false},"author":1,"featured_media":0,"parent":0,"menu_order":0,"comment_status":"closed","ping_status":"closed","template":"","meta":{"_et_pb_use_builder":"on","_et_pb_old_content":"[ms_row]\n[ms_column style=\"1\/3\" align=\"left\" class=\"\" id=\"\"]\n<h2>Jan D. Kleinehr<\/h2>\n<img class=\"alignnone wp-image-231 size-full\" src=\"https:\/\/www.drkleinehr.de\/wp-content\/uploads\/2018\/01\/2017-12-11_11-47-50-VIII-e1517303004644.jpg\" alt=\"Jan Kleinehr Rechtsanwalt Steuerrecht\" width=\"300\" height=\"450\">\nDipl.-Jurist (Uni Mannheim)\nRechtsanwalt\nFachanwalt f\u00fcr Steuerrecht\n[\/ms_column]\n[ms_column style=\"2\/3\" align=\"left\" class=\"\" id=\"\"]\n<h2><\/h2>\n<h4>1998 - 2004<\/h4>\nStudium der Rechtswissenschaft an der Universit\u00e4t Mannheim\n<h4>2004 - 2007<\/h4>\nReferendardienst in Baden-W\u00fcrttemberg\n<h4>2007<\/h4>\nZulassung zur Rechtsanwaltschaft\n<h4>2007 - 2012<\/h4>\nT\u00e4tigkeit in einer mittelst\u00e4ndischen Steuerberatungs- und Wirtschaftspr\u00fcfungsgesellschaft\n<h4>2012<\/h4>\nErwerb des Fachanwalts f\u00fcr Steuerrecht\n<h4>T\u00e4tigkeits- und Interessenschwerpunkte:<\/h4>\nSteuerrecht, Erstellung von steuerrechtlichen Jahresabschl\u00fcssen und Steuererkl\u00e4rungen, Selbstanzeigen, Honorarklagen, Berufshaftpflichtrecht, Vertragsrecht\n[\/ms_column]\n[\/ms_row]","_et_gb_content_width":"","footnotes":""},"_links":{"self":[{"href":"https:\/\/www.drkleinehr.de\/rechtsanwalt-mannheim\/wp-json\/wp\/v2\/pages\/71"}],"collection":[{"href":"https:\/\/www.drkleinehr.de\/rechtsanwalt-mannheim\/wp-json\/wp\/v2\/pages"}],"about":[{"href":"https:\/\/www.drkleinehr.de\/rechtsanwalt-mannheim\/wp-json\/wp\/v2\/types\/page"}],"author":[{"embeddable":true,"href":"https:\/\/www.drkleinehr.de\/rechtsanwalt-mannheim\/wp-json\/wp\/v2\/users\/1"}],"replies":[{"embeddable":true,"href":"https:\/\/www.drkleinehr.de\/rechtsanwalt-mannheim\/wp-json\/wp\/v2\/comments?post=71"}],"version-history":[{"count":15,"href":"https:\/\/www.drkleinehr.de\/rechtsanwalt-mannheim\/wp-json\/wp\/v2\/pages\/71\/revisions"}],"predecessor-version":[{"id":666,"href":"https:\/\/www.drkleinehr.de\/rechtsanwalt-mannheim\/wp-json\/wp\/v2\/pages\/71\/revisions\/666"}],"wp:attachment":[{"href":"https:\/\/www.drkleinehr.de\/rechtsanwalt-mannheim\/wp-json\/wp\/v2\/media?parent=71"}],"curies":[{"name":"wp","href":"https:\/\/api.w.org\/{rel}","templated":true}]}}