{"id":81,"date":"2017-04-21T11:10:19","date_gmt":"2017-04-21T09:10:19","guid":{"rendered":"http:\/\/baistneu.drkleinehr.de\/?page_id=81"},"modified":"2020-04-16T07:54:06","modified_gmt":"2020-04-16T05:54:06","slug":"impressum","status":"publish","type":"page","link":"https:\/\/www.drkleinehr.de\/rechtsanwalt-mannheim\/impressum\/","title":{"rendered":"Impressum"},"content":{"rendered":"<p>[et_pb_section fb_built=&#8220;1&#8243; fullwidth=&#8220;on&#8220; custom_padding_last_edited=&#8220;on|phone&#8220; _builder_version=&#8220;4.4.2&#8243; use_background_color_gradient=&#8220;on&#8220; background_color_gradient_start=&#8220;rgba(85,85,85,0.4)&#8220; background_color_gradient_end=&#8220;rgba(85,85,85,0)&#8220; background_color_gradient_start_position=&#8220;22%&#8220; custom_padding=&#8220;21px||21px||true&#8220; custom_padding_tablet=&#8220;&#8220; custom_padding_phone=&#8220;10px||10px||true|false&#8220;][\/et_pb_section][et_pb_section fb_built=&#8220;1&#8243; admin_label=&#8220;section&#8220; _builder_version=&#8220;3.22&#8243;][et_pb_row admin_label=&#8220;row&#8220; _builder_version=&#8220;3.25&#8243; background_size=&#8220;initial&#8220; background_position=&#8220;top_left&#8220; background_repeat=&#8220;repeat&#8220;][et_pb_column type=&#8220;4_4&#8243; _builder_version=&#8220;3.25&#8243; custom_padding=&#8220;|||&#8220; custom_padding__hover=&#8220;|||&#8220;][et_pb_text admin_label=&#8220;Text&#8220; _builder_version=&#8220;3.27.4&#8243; background_size=&#8220;initial&#8220; background_position=&#8220;top_left&#8220; background_repeat=&#8220;repeat&#8220;]<\/p>\n<h3>Impressum<\/h3>\n<p>&nbsp;<\/p>\n<h4>1. Angaben gem\u00e4\u00df \u00a7 5 TMG<\/h4>\n<p>Dr. Dirk E. Kleinehr<br \/> Rechtsanwalt<br \/> Hebelstrasse 13<br \/> 68161 Mannheim<br \/> Telefon: +49 (0) 621-1 29 39 0<br \/> Telefax: +49 (0) 621- 1 29 39 29<br \/> E-Mail: info@drkleinehr.de<\/p>\n<p>Umsatzsteuer-Identifikationsnummer gem\u00e4\u00df \u00a727 a Umsatzsteuergesetz: DE143907349<\/p>\n<p>Die Rechtsanw\u00e4lte Dr. Dirk E. Kleinehr, Bernd Thiele, Jan D. Kleinehr und Michael Weber f\u00fchren die Berufsbezeichnung \u201cRechtsanwalt, Bundesrepublik Deutschland\u201d. Die gesetzliche Berufsbezeichnung \u201cRechtsanwalt\u201d wurde in der Bundesrepublik Deutschland verliehen. Die Rechtsanw\u00e4lte Dr. Dirk E. Kleinehr, Bernd Thiele und Jan D. Kleinehr f\u00fchren den Zusatz \u201cFachanwalt f\u00fcr Steuerrecht\u201d.<\/p>\n<p>Es gelten die f\u00fcr Rechtsanw\u00e4lte ma\u00dfgeblichen berufsrechtlichen Vorschriften der BRAO, BORA, FAO, BRAGO, RVG welche unter auf den Seiten der Bundesrechtsanwaltskammer unter <a href=\"https:\/\/www.brak.de\/fuer-anwaelte\/berufsrecht\/\">www.brak.de<\/a> einsehbar sind.<\/p>\n<p>Die oben aufgef\u00fchrten Rechtsanw\u00e4lte sind bei der Rechtsanwaltskammer Karlsruhe, Reinhold-Frank-Stra\u00dfe 72, 76133 Karlsruhe zugelassen, welche f\u00fcr Streitschlichtungen zwischen Mandant und Rechtsanwalt zust\u00e4ndig ist. Dar\u00fcber hinaus gibt es bei der Bundesrechtsanwaltskammer (BRAK) eine neutrale und unabh\u00e4ngige Schlichtungsstelle: Schlichtungsstelle der Rechtsanwaltschaft, Rauchstra\u00dfe 26, 10787 Berlin.<\/p>\n<p>Berufshaftpflichtversicherung: Allianz Deutschland AG, K\u00f6niginstra\u00dfe 28, 80802 M\u00fcnchen<\/p>\n<h4>2. Haftung f\u00fcr Inhalte<\/h4>\n<p>Als Diensteanbieter sind wir gem\u00e4\u00df \u00a7 7 Abs.1 TMG f\u00fcr eigene Inhalte auf diesen Seiten nach den allgemeinen Gesetzen verantwortlich. Nach \u00a7\u00a7 8 bis 10 TMG sind wir als Diensteanbieter jedoch nicht verpflichtet, \u00fcbermittelte oder gespeicherte fremde Informationen zu \u00fcberwachen oder nach Umst\u00e4nden zu forschen, die auf eine rechtswidrige T\u00e4tigkeit hinweisen.<br \/> Verpflichtungen zur Entfernung oder Sperrung der Nutzung von Informationen nach den allgemeinen Gesetzen bleiben hiervon unber\u00fchrt. Eine diesbez\u00fcgliche Haftung ist jedoch erst ab dem Zeitpunkt der Kenntnis einer konkreten Rechtsverletzung m\u00f6glich. Bei Bekanntwerden von entsprechenden Rechtsverletzungen werden wir diese Inhalte umgehend entfernen.<\/p>\n<h4>3. Haftung f\u00fcr Links<\/h4>\n<p>Unser Angebot enth\u00e4lt Links zu externen Webseiten Dritter, auf deren Inhalte wir keinen Einfluss haben. Deshalb k\u00f6nnen wir f\u00fcr diese fremden Inhalte auch keine Gew\u00e4hr \u00fcbernehmen. F\u00fcr die Inhalte der verlinkten Seiten ist stets der jeweilige Anbieter oder Betreiber der Seiten verantwortlich. Die verlinkten Seiten wurden zum Zeitpunkt der Verlinkung auf m\u00f6gliche Rechtsverst\u00f6\u00dfe \u00fcberpr\u00fcft. Rechtswidrige Inhalte waren zum Zeitpunkt der Verlinkung nicht erkennbar.<br \/> Eine permanente inhaltliche Kontrolle der verlinkten Seiten ist jedoch ohne konkrete Anhaltspunkte einer Rechtsverletzung nicht zumutbar. Bei Bekanntwerden von Rechtsverletzungen werden wir derartige Links umgehend entfernen.<\/p>\n<h4>4. Urheberrecht<\/h4>\n<p>Die durch die Seitenbetreiber erstellten Inhalte und Werke auf diesen Seiten unterliegen dem deutschen Urheberrecht. Die Vervielf\u00e4ltigung, Bearbeitung, Verbreitung und jede Art der Verwertung au\u00dferhalb der Grenzen des Urheberrechtes bed\u00fcrfen der schriftlichen Zustimmung des jeweiligen Autors bzw. Erstellers. Downloads und Kopien dieser Seite sind nur f\u00fcr den privaten, nicht kommerziellen Gebrauch gestattet.<br \/> Soweit die Inhalte auf dieser Seite nicht vom Betreiber erstellt wurden, werden die Urheberrechte Dritter beachtet. Insbesondere werden Inhalte Dritter als solche gekennzeichnet. Sollten Sie trotzdem auf eine Urheberrechtsverletzung aufmerksam werden, bitten wir um einen entsprechenden Hinweis. Bei Bekanntwerden von Rechtsverletzungen werden wir derartige Inhalte umgehend entfernen.<\/p>\n<p>[\/et_pb_text][\/et_pb_column][\/et_pb_row][\/et_pb_section][et_pb_section fb_built=&#8220;1&#8243; _builder_version=&#8220;3.19.18&#8243; background_color=&#8220;#555555&#8243; custom_padding=&#8220;20px|0px|55px|0px|false|false&#8220; global_module=&#8220;389&#8243; saved_tabs=&#8220;all&#8220; locked=&#8220;off&#8220;][et_pb_row column_structure=&#8220;1_2,1_2&#8243; _builder_version=&#8220;4.4.2&#8243; custom_padding=&#8220;||||false|false&#8220;][et_pb_column type=&#8220;1_2&#8243; _builder_version=&#8220;3.25&#8243; custom_padding=&#8220;|||&#8220; custom_padding__hover=&#8220;|||&#8220;][et_pb_blurb use_icon=&#8220;on&#8220; font_icon=&#8220;%%264%%&#8220; icon_color=&#8220;#ffffff&#8220; icon_placement=&#8220;left&#8220; use_icon_font_size=&#8220;on&#8220; icon_font_size=&#8220;14px&#8220; _builder_version=&#8220;3.19.18&#8243; body_font=&#8220;||||||||&#8220; body_text_align=&#8220;left&#8220; body_text_color=&#8220;#ffffff&#8220; body_font_size=&#8220;12px&#8220; body_line_height=&#8220;1.3em&#8220; custom_margin=&#8220;|||0px&#8220; animation=&#8220;off&#8220; locked=&#8220;off&#8220;]<\/p>\n<p>+49 (0) 621 \/ 1 29 39 &#8211; 0<\/p>\n<p>[\/et_pb_blurb][et_pb_blurb use_icon=&#8220;on&#8220; font_icon=&#8220;%%268%%&#8220; icon_color=&#8220;#ffffff&#8220; icon_placement=&#8220;left&#8220; use_icon_font_size=&#8220;on&#8220; icon_font_size=&#8220;14px&#8220; _builder_version=&#8220;3.19.18&#8243; body_font=&#8220;||||||||&#8220; body_text_align=&#8220;left&#8220; body_text_color=&#8220;#ffffff&#8220; body_font_size=&#8220;12px&#8220; body_line_height=&#8220;1.3em&#8220; custom_margin=&#8220;-11px|||0px&#8220; animation=&#8220;off&#8220; locked=&#8220;off&#8220;]<\/p>\n<p>+49 (0) 621 \/ 1 29 39 &#8211; 29<\/p>\n<p>[\/et_pb_blurb][et_pb_blurb use_icon=&#8220;on&#8220; font_icon=&#8220;%%249%%&#8220; icon_color=&#8220;#ffffff&#8220; icon_placement=&#8220;left&#8220; use_icon_font_size=&#8220;on&#8220; icon_font_size=&#8220;14px&#8220; _builder_version=&#8220;3.19.18&#8243; body_font=&#8220;||||||||&#8220; body_text_align=&#8220;left&#8220; body_text_color=&#8220;#ffffff&#8220; body_font_size=&#8220;12px&#8220; body_line_height=&#8220;1.3em&#8220; custom_margin=&#8220;-11px|||0px&#8220; animation=&#8220;off&#8220; locked=&#8220;off&#8220;]<\/p>\n<p>Hebelstrasse 13<\/p>\n<p>[\/et_pb_blurb][et_pb_blurb use_icon=&#8220;on&#8220; font_icon=&#8220;%%249%%&#8220; icon_color=&#8220;#ffffff&#8220; icon_placement=&#8220;left&#8220; use_icon_font_size=&#8220;on&#8220; icon_font_size=&#8220;14px&#8220; _builder_version=&#8220;3.19.18&#8243; body_font=&#8220;||||||||&#8220; body_text_align=&#8220;left&#8220; body_text_color=&#8220;#ffffff&#8220; body_font_size=&#8220;12px&#8220; body_line_height=&#8220;1.3em&#8220; custom_margin=&#8220;-11px|||0px&#8220; animation=&#8220;off&#8220; locked=&#8220;off&#8220;]<\/p>\n<p>68161 Mannheim<\/p>\n<p>[\/et_pb_blurb][et_pb_blurb use_icon=&#8220;on&#8220; font_icon=&#8220;%%238%%&#8220; icon_color=&#8220;#ffffff&#8220; icon_placement=&#8220;left&#8220; use_icon_font_size=&#8220;on&#8220; icon_font_size=&#8220;14px&#8220; _builder_version=&#8220;3.19.18&#8243; body_font=&#8220;||||||||&#8220; body_text_align=&#8220;left&#8220; body_text_color=&#8220;#ffffff&#8220; body_font_size=&#8220;12px&#8220; body_line_height=&#8220;1.3em&#8220; custom_margin=&#8220;-11px|||0px&#8220; animation=&#8220;off&#8220; locked=&#8220;off&#8220;]<\/p>\n<p><span style=\"color: #ffffff;\"><a href=\"mailto:info@drkleinehr.de\" style=\"color: #ffffff;\">info@drkleinehr.de<\/a><\/span><\/p>\n<p>[\/et_pb_blurb][\/et_pb_column][et_pb_column type=&#8220;1_2&#8243; _builder_version=&#8220;3.25&#8243; custom_padding=&#8220;|||&#8220; custom_padding__hover=&#8220;|||&#8220;][et_pb_text _builder_version=&#8220;4.4.2&#8243; text_font=&#8220;||||||||&#8220; text_text_color=&#8220;rgba(0,0,0,0.44)&#8220; link_font=&#8220;||||||||&#8220; link_text_align=&#8220;right&#8220; link_text_color=&#8220;rgba(255,255,255,0.37)&#8220; link_font_size=&#8220;14px&#8220; link_line_height=&#8220;0em&#8220; custom_margin=&#8220;||||false|false&#8220;]<\/p>\n<p><a href=\"\/impressum\">Impressum<br \/> <\/a><a href=\"\/datenschutz\">Datenschutz<\/a><br \/> <a href=\"\/downloads\">Downloads<\/a><\/p>\n<p>[\/et_pb_text][\/et_pb_column][\/et_pb_row][\/et_pb_section][et_pb_section fb_built=&#8220;1&#8243; _builder_version=&#8220;3.19.18&#8243; background_color=&#8220;#000000&#8243; custom_padding=&#8220;6px||6px||true&#8220; global_module=&#8220;391&#8243; saved_tabs=&#8220;all&#8220; locked=&#8220;off&#8220;][et_pb_row _builder_version=&#8220;3.25&#8243; custom_padding=&#8220;0|0px|0|0px|false|false&#8220;][et_pb_column type=&#8220;4_4&#8243; _builder_version=&#8220;3.25&#8243; custom_padding=&#8220;|||&#8220; custom_padding__hover=&#8220;|||&#8220;][et_pb_text _builder_version=&#8220;3.27.4&#8243; text_font=&#8220;||||||||&#8220; text_text_color=&#8220;#ffffff&#8220; text_font_size=&#8220;12px&#8220;]<\/p>\n<p>Copyright \u00a9 2020 &#8211; Dr. Kleinehr &amp; Thiele<\/p>\n<p>[\/et_pb_text][\/et_pb_column][\/et_pb_row][\/et_pb_section]<\/p>\n","protected":false},"excerpt":{"rendered":"<p>[et_pb_section fb_built=&#8220;1&#8243; fullwidth=&#8220;on&#8220; custom_padding_last_edited=&#8220;on|phone&#8220; _builder_version=&#8220;4.4.2&#8243; use_background_color_gradient=&#8220;on&#8220; background_color_gradient_start=&#8220;rgba(85,85,85,0.4)&#8220; background_color_gradient_end=&#8220;rgba(85,85,85,0)&#8220; background_color_gradient_start_position=&#8220;22%&#8220; custom_padding=&#8220;21px||21px||true&#8220; custom_padding_tablet=&#8220;&#8220; custom_padding_phone=&#8220;10px||10px||true|false&#8220;][\/et_pb_section][et_pb_section fb_built=&#8220;1&#8243; admin_label=&#8220;section&#8220; _builder_version=&#8220;3.22&#8243;][et_pb_row admin_label=&#8220;row&#8220; _builder_version=&#8220;3.25&#8243; background_size=&#8220;initial&#8220; background_position=&#8220;top_left&#8220; background_repeat=&#8220;repeat&#8220;][et_pb_column type=&#8220;4_4&#8243; _builder_version=&#8220;3.25&#8243; custom_padding=&#8220;|||&#8220; custom_padding__hover=&#8220;|||&#8220;][et_pb_text admin_label=&#8220;Text&#8220; _builder_version=&#8220;3.27.4&#8243; background_size=&#8220;initial&#8220; background_position=&#8220;top_left&#8220; background_repeat=&#8220;repeat&#8220;] Impressum &nbsp; 1. Angaben gem\u00e4\u00df \u00a7 5 TMG Dr. Dirk E. Kleinehr Rechtsanwalt Hebelstrasse 13 68161 Mannheim Telefon: +49 (0) 621-1 29 39 0 Telefax: +49 [&hellip;]<\/p>\n","protected":false},"author":1,"featured_media":0,"parent":0,"menu_order":0,"comment_status":"closed","ping_status":"closed","template":"","meta":{"_et_pb_use_builder":"on","_et_pb_old_content":"<h3>Impressum<\/h3>\r\n<h4>1. Angaben gem\u00e4\u00df \u00a7 5 TMG<\/h4>\r\n<p>Dr. Dirk E. Kleinehr\r\nRechtsanwalt\r\nHebelstrasse 13\r\n68161 Mannheim\r\nTelefon: +49 (0) 621-1 29 39 0\r\nTelefax: +49 (0) 621- 1 29 39 29\r\nE-Mail: info@drkleinehr.de <\/p>\r\n<p>Umsatzsteuer-Identifikationsnummer gem\u00e4\u00df \u00a727 a Umsatzsteuergesetz: DE143907349<\/p>\r\n<p>Die Rechtsanw\u00e4lte Dr. Dirk E. Kleinehr, Bernd Thiele, Jan D. Kleinehr und Michael Weber f\u00fchren die Berufsbezeichnung \u201cRechtsanwalt, Bundesrepublik Deutschland\u201d. Die gesetzliche Berufsbezeichnung \u201cRechtsanwalt\u201d wurde in der Bundesrepublik Deutschland verliehen. Die Rechtsanw\u00e4lte Dr. Dirk E. Kleinehr, Bernd Thiele und Jan D. Kleinehr f\u00fchren den Zusatz \u201cFachanwalt f\u00fcr Steuerrecht\u201d.<\/p>\r\n<p>Es gelten die f\u00fcr Rechtsanw\u00e4lte ma\u00dfgeblichen berufsrechtlichen Vorschriften der BRAO, BORA, FAO, BRAGO, RVG welche unter auf den Seiten der Bundesrechtsanwaltskammer unter <a href=\"https:\/\/www.brak.de\/fuer-anwaelte\/berufsrecht\/\">www.brak.de<\/a> einsehbar sind.<\/p>\r\n<p>Die oben aufgef\u00fchrten Rechtsanw\u00e4lte sind bei der Rechtsanwaltskammer Karlsruhe, Reinhold-Frank-Stra\u00dfe 72, 76133 Karlsruhe zugelassen, welche f\u00fcr Streitschlichtungen zwischen Mandant und Rechtsanwalt zust\u00e4ndig ist. Dar\u00fcber hinaus gibt es bei der Bundesrechtsanwaltskammer (BRAK) eine neutrale und unabh\u00e4ngige Schlichtungsstelle: Schlichtungsstelle der Rechtsanwaltschaft, Rauchstra\u00dfe 26, 10787 Berlin.<\/p>\r\n<p>Berufshaftpflichtversicherung: Allianz Deutschland AG, K\u00f6niginstra\u00dfe 28, 80802 M\u00fcnchen<\/p>\r\n<h4>2. Haftung f\u00fcr Inhalte<\/h4>\r\n<p>Als Diensteanbieter sind wir gem\u00e4\u00df \u00a7 7 Abs.1 TMG f\u00fcr eigene Inhalte auf diesen Seiten nach den allgemeinen Gesetzen verantwortlich. Nach \u00a7\u00a7 8 bis 10 TMG sind wir als Diensteanbieter jedoch nicht verpflichtet, \u00fcbermittelte oder gespeicherte fremde Informationen zu \u00fcberwachen oder nach Umst\u00e4nden zu forschen, die auf eine rechtswidrige T\u00e4tigkeit hinweisen.\r\nVerpflichtungen zur Entfernung oder Sperrung der Nutzung von Informationen nach den allgemeinen Gesetzen bleiben hiervon unber\u00fchrt. Eine diesbez\u00fcgliche Haftung ist jedoch erst ab dem Zeitpunkt der Kenntnis einer konkreten Rechtsverletzung m\u00f6glich. Bei Bekanntwerden von entsprechenden Rechtsverletzungen werden wir diese Inhalte umgehend entfernen.<\/p>\r\n<h4>3. Haftung f\u00fcr Links<\/h4>\r\n<p>Unser Angebot enth\u00e4lt Links zu externen Webseiten Dritter, auf deren Inhalte wir keinen Einfluss haben. Deshalb k\u00f6nnen wir f\u00fcr diese fremden Inhalte auch keine Gew\u00e4hr \u00fcbernehmen. F\u00fcr die Inhalte der verlinkten Seiten ist stets der jeweilige Anbieter oder Betreiber der Seiten verantwortlich. Die verlinkten Seiten wurden zum Zeitpunkt der Verlinkung auf m\u00f6gliche Rechtsverst\u00f6\u00dfe \u00fcberpr\u00fcft. Rechtswidrige Inhalte waren zum Zeitpunkt der Verlinkung nicht erkennbar.\r\nEine permanente inhaltliche Kontrolle der verlinkten Seiten ist jedoch ohne konkrete Anhaltspunkte einer Rechtsverletzung nicht zumutbar. Bei Bekanntwerden von Rechtsverletzungen werden wir derartige Links umgehend entfernen.<\/p>\r\n<h4>4. Urheberrecht<\/h4>\r\n<p>Die durch die Seitenbetreiber erstellten Inhalte und Werke auf diesen Seiten unterliegen dem deutschen Urheberrecht. Die Vervielf\u00e4ltigung, Bearbeitung, Verbreitung und jede Art der Verwertung au\u00dferhalb der Grenzen des Urheberrechtes bed\u00fcrfen der schriftlichen Zustimmung des jeweiligen Autors bzw. Erstellers. Downloads und Kopien dieser Seite sind nur f\u00fcr den privaten, nicht kommerziellen Gebrauch gestattet.\r\nSoweit die Inhalte auf dieser Seite nicht vom Betreiber erstellt wurden, werden die Urheberrechte Dritter beachtet. Insbesondere werden Inhalte Dritter als solche gekennzeichnet. Sollten Sie trotzdem auf eine Urheberrechtsverletzung aufmerksam werden, bitten wir um einen entsprechenden Hinweis. Bei Bekanntwerden von Rechtsverletzungen werden wir derartige Inhalte umgehend entfernen.<\/p>\r\n","_et_gb_content_width":"","footnotes":""},"_links":{"self":[{"href":"https:\/\/www.drkleinehr.de\/rechtsanwalt-mannheim\/wp-json\/wp\/v2\/pages\/81"}],"collection":[{"href":"https:\/\/www.drkleinehr.de\/rechtsanwalt-mannheim\/wp-json\/wp\/v2\/pages"}],"about":[{"href":"https:\/\/www.drkleinehr.de\/rechtsanwalt-mannheim\/wp-json\/wp\/v2\/types\/page"}],"author":[{"embeddable":true,"href":"https:\/\/www.drkleinehr.de\/rechtsanwalt-mannheim\/wp-json\/wp\/v2\/users\/1"}],"replies":[{"embeddable":true,"href":"https:\/\/www.drkleinehr.de\/rechtsanwalt-mannheim\/wp-json\/wp\/v2\/comments?post=81"}],"version-history":[{"count":13,"href":"https:\/\/www.drkleinehr.de\/rechtsanwalt-mannheim\/wp-json\/wp\/v2\/pages\/81\/revisions"}],"predecessor-version":[{"id":617,"href":"https:\/\/www.drkleinehr.de\/rechtsanwalt-mannheim\/wp-json\/wp\/v2\/pages\/81\/revisions\/617"}],"wp:attachment":[{"href":"https:\/\/www.drkleinehr.de\/rechtsanwalt-mannheim\/wp-json\/wp\/v2\/media?parent=81"}],"curies":[{"name":"wp","href":"https:\/\/api.w.org\/{rel}","templated":true}]}}